{"id":2,"date":"2023-03-22T05:44:09","date_gmt":"2023-03-22T05:44:09","guid":{"rendered":"https:\/\/hensberg.dk\/?page_id=2"},"modified":"2025-02-04T04:33:17","modified_gmt":"2025-02-04T04:33:17","slug":"sample-page","status":"publish","type":"page","link":"https:\/\/hensberg.dk\/","title":{"rendered":"Hensberg.dk"},"content":{"rendered":"\t\t<div data-elementor-type=\"wp-page\" data-elementor-id=\"2\" class=\"elementor elementor-2\">\n\t\t\t\t\t\t<section class=\"elementor-section elementor-top-section elementor-element elementor-element-40eaee77 elementor-section-full_width elementor-section-height-default elementor-section-height-default\" data-id=\"40eaee77\" data-element_type=\"section\" data-e-bg-lazyload=\".elementor-background-overlay\">\n\t\t\t\t\t\t\t<div class=\"elementor-background-overlay\"><\/div>\n\t\t\t\t\t\t\t<div class=\"elementor-container elementor-column-gap-default\">\n\t\t\t\t\t<div class=\"elementor-column elementor-col-100 elementor-top-column elementor-element elementor-element-6f2ee45\" data-id=\"6f2ee45\" data-element_type=\"column\">\n\t\t\t<div class=\"elementor-widget-wrap elementor-element-populated\">\n\t\t\t\t\t\t<div class=\"elementor-element elementor-element-5b34d4d1 elementor-widget__width-initial elementor-widget elementor-widget-text-editor\" data-id=\"5b34d4d1\" data-element_type=\"widget\" data-widget_type=\"text-editor.default\">\n\t\t\t\t<div class=\"elementor-widget-container\">\n\t\t\t<style>\/*! elementor - v3.19.0 - 07-02-2024 *\/\n.elementor-widget-text-editor.elementor-drop-cap-view-stacked .elementor-drop-cap{background-color:#69727d;color:#fff}.elementor-widget-text-editor.elementor-drop-cap-view-framed .elementor-drop-cap{color:#69727d;border:3px solid;background-color:transparent}.elementor-widget-text-editor:not(.elementor-drop-cap-view-default) .elementor-drop-cap{margin-top:8px}.elementor-widget-text-editor:not(.elementor-drop-cap-view-default) .elementor-drop-cap-letter{width:1em;height:1em}.elementor-widget-text-editor .elementor-drop-cap{float:left;text-align:center;line-height:1;font-size:50px}.elementor-widget-text-editor .elementor-drop-cap-letter{display:inline-block}<\/style>\t\t\t\t<p><!-- wp:paragraph --><\/p>\n<p>Velkommen p\u00e5 Hensberg.dk<\/p>\n<p>\u00a0<span style=\"color: var( --e-global-color-text ); font-family: var( --e-global-typography-text-font-family ), Sans-serif; font-weight: var( --e-global-typography-text-font-weight ); font-size: 1rem;\">Siden 1999 er der l\u00f8bende blevet investeret i<\/span><span style=\"color: var( --e-global-color-text ); font-family: var( --e-global-typography-text-font-family ), Sans-serif; font-weight: var( --e-global-typography-text-font-weight ); font-size: 1rem;\">\u00a0 <\/span><span style=\"color: var( --e-global-color-text ); font-family: var( --e-global-typography-text-font-family ), Sans-serif; font-weight: var( --e-global-typography-text-font-weight ); font-size: 1rem;\">og handlet med Vindm\u00f8ller, Erhvervsejendom og Bolig udlejnings ejendomme mv.<\/span><\/p>\n<p>\u00a0<\/p>\n<p>\u00a0<span style=\"color: var( --e-global-color-text ); font-family: var( --e-global-typography-text-font-family ), Sans-serif; font-weight: var( --e-global-typography-text-font-weight ); font-size: 1rem;\">Den f\u00f8rste vindm\u00f8lle blev erhvervet i 1999 Siemens 1 MW. <\/span><span style=\"color: var( --e-global-color-text ); font-family: var( --e-global-typography-text-font-family ), Sans-serif; font-weight: var( --e-global-typography-text-font-weight ); font-size: 1rem;\">\u00a0<\/span><\/p>\n<p>\u00a0<\/p>\n<p>\u00a0<span style=\"color: var( --e-global-color-text ); font-family: var( --e-global-typography-text-font-family ), Sans-serif; font-weight: var( --e-global-typography-text-font-weight ); font-size: 1rem;\">\u00a0<\/span><\/p>\n<p>\u00a0<\/p>\n<p>Efterf\u00f8lgende er der l\u00f8bende blevet investeret yderligere i Vindenergi i Danmark s\u00e5vel som i Tyskland. Vindportef\u00f8ljen er l\u00f8bende blevet justeret og indeholder m\u00f8ller med kapacitet mellem 1-3 MW peak effekt.\u00a0<\/p>\n<p><!-- \/wp:paragraph --><\/p>\t\t\t\t\t\t<\/div>\n\t\t\t\t<\/div>\n\t\t\t\t\t<\/div>\n\t\t<\/div>\n\t\t\t\t\t<\/div>\n\t\t<\/section>\n\t\t<div class=\"elementor-element elementor-element-2486645 e-flex e-con-boxed e-con e-parent\" data-id=\"2486645\" data-element_type=\"container\" data-settings=\"{&quot;content_width&quot;:&quot;boxed&quot;}\" data-core-v316-plus=\"true\">\n\t\t\t\t\t<div class=\"e-con-inner\">\n\t\t\t\t<div class=\"elementor-element elementor-element-f6f7d4a elementor-widget elementor-widget-image\" data-id=\"f6f7d4a\" data-element_type=\"widget\" data-widget_type=\"image.default\">\n\t\t\t\t<div class=\"elementor-widget-container\">\n\t\t\t<style>\/*! elementor - v3.19.0 - 07-02-2024 *\/\n.elementor-widget-image{text-align:center}.elementor-widget-image a{display:inline-block}.elementor-widget-image a img[src$=\".svg\"]{width:48px}.elementor-widget-image img{vertical-align:middle;display:inline-block}<\/style>\t\t\t\t\t\t\t\t\t\t\t<a href=\"https:\/\/www.jensjuhlskaj.dk\">\n\t\t\t\t\t\t\t<img fetchpriority=\"high\" decoding=\"async\" width=\"768\" height=\"432\" src=\"https:\/\/hensberg.dk\/wp-content\/uploads\/2023\/03\/hensberg.fw_-768x432.png\" class=\"attachment-medium_large size-medium_large wp-image-12\" alt=\"\" srcset=\"https:\/\/hensberg.dk\/wp-content\/uploads\/2023\/03\/hensberg.fw_-768x432.png 768w, https:\/\/hensberg.dk\/wp-content\/uploads\/2023\/03\/hensberg.fw_-300x169.png 300w, https:\/\/hensberg.dk\/wp-content\/uploads\/2023\/03\/hensberg.fw_-1024x576.png 1024w, https:\/\/hensberg.dk\/wp-content\/uploads\/2023\/03\/hensberg.fw_-1536x864.png 1536w, https:\/\/hensberg.dk\/wp-content\/uploads\/2023\/03\/hensberg.fw_.png 1920w\" sizes=\"(max-width: 768px) 100vw, 768px\" \/>\t\t\t\t\t\t\t\t<\/a>\n\t\t\t\t\t\t\t\t\t\t\t\t\t<\/div>\n\t\t\t\t<\/div>\n\t\t\t\t\t<\/div>\n\t\t\t\t<\/div>\n\t\t<div class=\"elementor-element elementor-element-a52eda1 e-flex e-con-boxed e-con e-parent\" data-id=\"a52eda1\" data-element_type=\"container\" data-settings=\"{&quot;content_width&quot;:&quot;boxed&quot;}\" data-core-v316-plus=\"true\">\n\t\t\t\t\t<div class=\"e-con-inner\">\n\t\t\t\t<div class=\"elementor-element elementor-element-4d68131 elementor-widget elementor-widget-text-editor\" data-id=\"4d68131\" data-element_type=\"widget\" data-widget_type=\"text-editor.default\">\n\t\t\t\t<div class=\"elementor-widget-container\">\n\t\t\t\t\t\t\t<h1><span style=\"font-size: 12.0pt; font-family: 'Aptos',sans-serif; mso-ascii-theme-font: minor-latin; mso-fareast-font-family: Aptos; mso-fareast-theme-font: minor-latin; mso-hansi-theme-font: minor-latin; mso-bidi-font-family: 'Times New Roman'; mso-bidi-theme-font: minor-bidi; mso-ansi-language: DA; mso-fareast-language: EN-US; mso-bidi-language: AR-SA;\">Hans H. Hensberg Telefon 24277441 Mail : <a href=\"mailto:hans@hensberg.dk\">hans@hensberg.dk<\/a><\/span><\/h1>\t\t\t\t\t\t<\/div>\n\t\t\t\t<\/div>\n\t\t\t\t\t<\/div>\n\t\t\t\t<\/div>\n\t\t\t\t<\/div>\n\t\t","protected":false},"excerpt":{"rendered":"<p>Velkommen p\u00e5 Hensberg.dk \u00a0Siden 1999 er der l\u00f8bende blevet investeret i\u00a0 og handlet med Vindm\u00f8ller, Erhvervsejendom og Bolig udlejnings ejendomme mv. \u00a0 \u00a0Den f\u00f8rste vindm\u00f8lle blev erhvervet i 1999 Siemens 1 MW. \u00a0 \u00a0 \u00a0\u00a0 \u00a0 Efterf\u00f8lgende er der l\u00f8bende blevet investeret yderligere i Vindenergi i Danmark s\u00e5vel som i Tyskland. Vindportef\u00f8ljen er l\u00f8bende blevet [&hellip;]<\/p>\n","protected":false},"author":1,"featured_media":0,"parent":0,"menu_order":0,"comment_status":"closed","ping_status":"open","template":"","meta":{"footnotes":""},"class_list":["post-2","page","type-page","status-publish","hentry"],"_links":{"self":[{"href":"https:\/\/hensberg.dk\/index.php\/wp-json\/wp\/v2\/pages\/2","targetHints":{"allow":["GET"]}}],"collection":[{"href":"https:\/\/hensberg.dk\/index.php\/wp-json\/wp\/v2\/pages"}],"about":[{"href":"https:\/\/hensberg.dk\/index.php\/wp-json\/wp\/v2\/types\/page"}],"author":[{"embeddable":true,"href":"https:\/\/hensberg.dk\/index.php\/wp-json\/wp\/v2\/users\/1"}],"replies":[{"embeddable":true,"href":"https:\/\/hensberg.dk\/index.php\/wp-json\/wp\/v2\/comments?post=2"}],"version-history":[{"count":16,"href":"https:\/\/hensberg.dk\/index.php\/wp-json\/wp\/v2\/pages\/2\/revisions"}],"predecessor-version":[{"id":29,"href":"https:\/\/hensberg.dk\/index.php\/wp-json\/wp\/v2\/pages\/2\/revisions\/29"}],"wp:attachment":[{"href":"https:\/\/hensberg.dk\/index.php\/wp-json\/wp\/v2\/media?parent=2"}],"curies":[{"name":"wp","href":"https:\/\/api.w.org\/{rel}","templated":true}]}}